{"id":430,"date":"2017-01-04T14:22:26","date_gmt":"2017-01-04T13:22:26","guid":{"rendered":"http:\/\/www.kopiemaus.de\/htm\/?page_id=430"},"modified":"2025-08-07T11:33:59","modified_gmt":"2025-08-07T09:33:59","slug":"buerotechnik","status":"publish","type":"page","link":"https:\/\/kopiemaus.de\/htm\/buerotechnik\/","title":{"rendered":"B\u00fcromaterialien"},"content":{"rendered":"<p>[et_pb_section fb_built=&#8220;1&#8243; admin_label=&#8220;Hero section desktop&#8220; _builder_version=&#8220;4.25.1&#8243; use_background_color_gradient=&#8220;on&#8220; background_color_gradient_stops=&#8220;rgba(150,105,97,0.67) 0%|rgba(2,0,76,0.84) 100%&#8220; background_color_gradient_overlays_image=&#8220;on&#8220; background_color_gradient_start=&#8220;rgba(150,105,97,0.67)&#8220; background_color_gradient_end=&#8220;rgba(2,0,76,0.84)&#8220; background_image=&#8220;https:\/\/kopiemaus.de\/htm\/wp-content\/uploads\/2024\/05\/bild-Firma2-2.jpg&#8220; custom_margin=&#8220;|||&#8220; custom_padding=&#8220;10%||14%|&#8220; hover_enabled=&#8220;0&#8243; global_colors_info=&#8220;{}&#8220; collapsed=&#8220;on&#8220; sticky_enabled=&#8220;0&#8243; disabled_on=&#8220;on|on|off&#8220; locked=&#8220;on&#8220;][et_pb_row column_structure=&#8220;2_3,1_3&#8243; _builder_version=&#8220;4.16&#8243; custom_margin=&#8220;|||&#8220; global_colors_info=&#8220;{}&#8220;][et_pb_column type=&#8220;2_3&#8243; _builder_version=&#8220;4.16&#8243; custom_padding=&#8220;1px|||&#8220; global_colors_info=&#8220;{}&#8220; custom_padding__hover=&#8220;|||&#8220;][et_pb_text _builder_version=&#8220;4.25.1&#8243; text_font=&#8220;Lato||||||||&#8220; text_font_size=&#8220;20px&#8220; text_line_height=&#8220;1.8em&#8220; header_font=&#8220;Lato|900|||||||&#8220; header_font_size=&#8220;80px&#8220; header_letter_spacing=&#8220;2px&#8220; header_line_height=&#8220;1.2em&#8220; background_layout=&#8220;dark&#8220; animation_style=&#8220;fold&#8220; header_font_size_tablet=&#8220;46px&#8220; header_font_size_phone=&#8220;&#8220; header_font_size_last_edited=&#8220;on|tablet&#8220; global_colors_info=&#8220;{}&#8220;]<\/p>\n<h1>B\u00fcromaterialien<\/h1>\n<p>&nbsp;<\/p>\n<p>[\/et_pb_text][\/et_pb_column][et_pb_column type=&#8220;1_3&#8243; _builder_version=&#8220;4.16&#8243; custom_padding=&#8220;|||&#8220; global_colors_info=&#8220;{}&#8220; custom_padding__hover=&#8220;|||&#8220;][\/et_pb_column][\/et_pb_row][\/et_pb_section][et_pb_section fb_built=&#8220;1&#8243; admin_label=&#8220;Hero section handy&#8220; _builder_version=&#8220;4.25.1&#8243; use_background_color_gradient=&#8220;on&#8220; background_color_gradient_stops=&#8220;rgba(150,105,97,0.67) 0%|rgba(2,0,76,0.84) 100%&#8220; background_color_gradient_overlays_image=&#8220;on&#8220; background_color_gradient_start=&#8220;rgba(150,105,97,0.67)&#8220; background_color_gradient_end=&#8220;rgba(2,0,76,0.84)&#8220; background_image=&#8220;https:\/\/kopiemaus.de\/htm\/wp-content\/uploads\/2024\/05\/bild-Firma2-2.jpg&#8220; custom_margin=&#8220;|||&#8220; custom_padding=&#8220;10%||14%|&#8220; hover_enabled=&#8220;0&#8243; global_colors_info=&#8220;{}&#8220; collapsed=&#8220;on&#8220; sticky_enabled=&#8220;0&#8243; disabled_on=&#8220;off|on|on&#8220;][et_pb_row column_structure=&#8220;2_3,1_3&#8243; _builder_version=&#8220;4.16&#8243; custom_margin=&#8220;|||&#8220; global_colors_info=&#8220;{}&#8220;][et_pb_column type=&#8220;2_3&#8243; _builder_version=&#8220;4.16&#8243; custom_padding=&#8220;1px|||&#8220; global_colors_info=&#8220;{}&#8220; custom_padding__hover=&#8220;|||&#8220;][et_pb_text _builder_version=&#8220;4.25.1&#8243; text_font=&#8220;Lato||||||||&#8220; text_font_size=&#8220;20px&#8220; text_line_height=&#8220;1.8em&#8220; header_font=&#8220;Lato|900|||||||&#8220; header_font_size=&#8220;80px&#8220; header_letter_spacing=&#8220;2px&#8220; header_line_height=&#8220;1.2em&#8220; background_layout=&#8220;dark&#8220; animation_style=&#8220;fold&#8220; header_font_size_tablet=&#8220;46px&#8220; header_font_size_phone=&#8220;&#8220; header_font_size_last_edited=&#8220;on|tablet&#8220; global_colors_info=&#8220;{}&#8220;]<\/p>\n<h1>B\u00fcro-materialien<\/h1>\n<p>&nbsp;<\/p>\n<p>[\/et_pb_text][\/et_pb_column][et_pb_column type=&#8220;1_3&#8243; _builder_version=&#8220;4.16&#8243; custom_padding=&#8220;|||&#8220; global_colors_info=&#8220;{}&#8220; custom_padding__hover=&#8220;|||&#8220;][\/et_pb_column][\/et_pb_row][\/et_pb_section][et_pb_section fb_built=&#8220;1&#8243; admin_label=&#8220;Team desktop&#8220; _builder_version=&#8220;4.25.1&#8243; custom_margin=&#8220;|||&#8220; custom_padding=&#8220;54px|0px|100px|0px&#8220; hover_enabled=&#8220;0&#8243; global_colors_info=&#8220;{}&#8220; collapsed=&#8220;on&#8220; sticky_enabled=&#8220;0&#8243; disabled_on=&#8220;on|on|off&#8220; locked=&#8220;on&#8220;][et_pb_row column_structure=&#8220;1_2,1_2&#8243; _builder_version=&#8220;4.16&#8243; background_color=&#8220;#ffffff&#8220; background_size=&#8220;initial&#8220; background_position=&#8220;top_left&#8220; background_repeat=&#8220;repeat&#8220; custom_margin=&#8220;-10%|||&#8220; custom_padding=&#8220;60px|0px|60px|0px&#8220; animation_style=&#8220;slide&#8220; animation_direction=&#8220;bottom&#8220; animation_intensity_slide=&#8220;6%&#8220; animation_starting_opacity=&#8220;100%&#8220; border_radii=&#8220;on|15px|15px|15px|15px&#8220; border_color_all=&#8220;#3c39e6&#8243; border_width_top=&#8220;18px&#8220; box_shadow_style=&#8220;preset3&#8243; box_shadow_vertical=&#8220;39px&#8220; box_shadow_blur=&#8220;80px&#8220; box_shadow_color=&#8220;rgba(0,0,0,0.1)&#8220; custom_width_px=&#8220;1280px&#8220; global_colors_info=&#8220;{}&#8220;][et_pb_column type=&#8220;1_2&#8243; _builder_version=&#8220;4.16&#8243; custom_padding=&#8220;30px|40px|30px|40px&#8220; global_colors_info=&#8220;{}&#8220; custom_padding__hover=&#8220;|||&#8220;][et_pb_text _builder_version=&#8220;4.25.1&#8243; _module_preset=&#8220;default&#8220; text_text_color=&#8220;#4a00eb&#8220; text_font_size=&#8220;21px&#8220; link_option_url=&#8220;https:\/\/knorr.portalkit.de\/suche\/Kopierpapier.html?_showSolrDebugInfo=false&#038;showSuppliesFinderHint=true&#038;showIconCategories=true&#038;displayMode=LIST&#038;sortMode=RELEVANCY&#8220; global_colors_info=&#8220;{}&#8220;]<\/p>\n<ul>\n<li><span style=\"color: #000000;\">Kopierpapier<\/span><\/li>\n<\/ul>\n<p>[\/et_pb_text][et_pb_text _builder_version=&#8220;4.25.1&#8243; _module_preset=&#8220;default&#8220; text_text_color=&#8220;#4a00eb&#8220; text_font_size=&#8220;21px&#8220; link_option_url=&#8220;https:\/\/knorr.portalkit.de\/suche\/Tinte.html?_showSolrDebugInfo=false&#038;showSuppliesFinderHint=true&#038;showIconCategories=true&#038;displayMode=LIST&#038;sortMode=RELEVANCY&#8220; global_colors_info=&#8220;{}&#8220;]<\/p>\n<ul>\n<li><span style=\"color: #000000;\">Tinte &amp; Toner<\/span><\/li>\n<\/ul>\n<p>[\/et_pb_text][et_pb_text _builder_version=&#8220;4.25.1&#8243; _module_preset=&#8220;default&#8220; text_text_color=&#8220;#4a00eb&#8220; text_font_size=&#8220;21px&#8220; link_option_url=&#8220;https:\/\/knorr.portalkit.de\/suche\/Reinigung.html?_showSolrDebugInfo=false&#038;showSuppliesFinderHint=true&#038;showIconCategories=true&#038;displayMode=LIST&#038;sortMode=RELEVANCY&#8220; global_colors_info=&#8220;{}&#8220;]<\/p>\n<ul>\n<li><span style=\"color: #000000;\">Reinigungartikel, Desinfektionsmittel<\/span><\/li>\n<\/ul>\n<p>[\/et_pb_text][et_pb_text _builder_version=&#8220;4.25.1&#8243; _module_preset=&#8220;default&#8220; text_text_color=&#8220;#4a00eb&#8220; text_font_size=&#8220;21px&#8220; link_option_url=&#8220;https:\/\/knorr.portalkit.de\/suche\/Kalender.html?_showSolrDebugInfo=false&#038;showSuppliesFinderHint=true&#038;showIconCategories=true&#038;displayMode=LIST&#038;sortMode=RELEVANCY&#8220; global_colors_info=&#8220;{}&#8220;]<\/p>\n<ul>\n<li><span style=\"color: #000000;\">Kalender<\/span><\/li>\n<\/ul>\n<p>[\/et_pb_text][et_pb_text _builder_version=&#8220;4.25.1&#8243; _module_preset=&#8220;default&#8220; text_text_color=&#8220;#4a00eb&#8220; text_font_size=&#8220;21px&#8220; link_option_url=&#8220;https:\/\/knorr.portalkit.de\/suche\/Schreibbl(b6)cke.html?_showSolrDebugInfo=false&#038;showSuppliesFinderHint=true&#038;showIconCategories=true&#038;displayMode=LIST&#038;sortMode=RELEVANCY&#8220; global_colors_info=&#8220;{}&#8220;]<\/p>\n<ul>\n<li><span style=\"color: #000000;\">Schreibbl\u00f6cke, Stifte, Schulbedarf, Buchumschl\u00e4ge<\/span><\/li>\n<\/ul>\n<p>[\/et_pb_text][et_pb_text _builder_version=&#8220;4.25.1&#8243; _module_preset=&#8220;default&#8220; global_colors_info=&#8220;{}&#8220;][\/et_pb_text][et_pb_text _builder_version=&#8220;4.25.1&#8243; _module_preset=&#8220;default&#8220; text_font=&#8220;Akshar||on||||||&#8220; text_font_size=&#8220;16px&#8220; global_colors_info=&#8220;{}&#8220;]<\/p>\n<p><strong>\u00bb F\u00fcr Anfragen und Beratungen \u00a0\u00a0 Tel. 03423 603479 \/ wesser@kopiemaus.de<\/strong><\/p>\n<p>[\/et_pb_text][\/et_pb_column][et_pb_column type=&#8220;1_2&#8243; _builder_version=&#8220;4.16&#8243; custom_padding=&#8220;30px|40px|30px|40px&#8220; global_colors_info=&#8220;{}&#8220; custom_padding__hover=&#8220;|||&#8220;][et_pb_text _builder_version=&#8220;4.25.1&#8243; _module_preset=&#8220;default&#8220; text_text_color=&#8220;#4a00eb&#8220; text_font_size=&#8220;21px&#8220; link_option_url=&#8220;https:\/\/knorr.portalkit.de\/suche\/Lampen.html?_showSolrDebugInfo=false&#038;showSuppliesFinderHint=true&#038;showIconCategories=true&#038;displayMode=LIST&#038;sortMode=RELEVANCY&#8220; global_colors_info=&#8220;{}&#8220;]<\/p>\n<ul>\n<li><span style=\"color: #000000;\">wir bringen auch Licht an Ihren Arbeitsplatz<\/span><\/li>\n<\/ul>\n<p>[\/et_pb_text][et_pb_text _builder_version=&#8220;4.25.1&#8243; _module_preset=&#8220;default&#8220; text_text_color=&#8220;#4a00eb&#8220; text_font_size=&#8220;21px&#8220; link_option_url=&#8220;https:\/\/knorr.portalkit.de\/suche\/Ordnen%20Sortieren.html?_showSolrDebugInfo=false&#038;showSuppliesFinderHint=true&#038;showIconCategories=true&#038;displayMode=LIST&#038;sortMode=RELEVANCY&#8220; global_colors_info=&#8220;{}&#8220;]<\/p>\n<ul>\n<li><span style=\"color: #000000;\">Ordnen, Sotieren, Organisieren<\/span><\/li>\n<\/ul>\n<p>[\/et_pb_text][et_pb_text _builder_version=&#8220;4.25.1&#8243; _module_preset=&#8220;default&#8220; text_text_color=&#8220;#4a00eb&#8220; text_font_size=&#8220;21px&#8220; link_option_url=&#8220;https:\/\/knorr.portalkit.de\/suche\/Korrigiren.html?_showSolrDebugInfo=false&#038;showSuppliesFinderHint=true&#038;showIconCategories=true&#038;displayMode=LIST&#038;sortMode=RELEVANCY&#8220; global_colors_info=&#8220;{}&#8220;]<\/p>\n<ul>\n<li><span style=\"color: #000000;\">Korrigieren, Laminieren, Binden<\/span><\/li>\n<\/ul>\n<p>[\/et_pb_text][et_pb_text _builder_version=&#8220;4.25.1&#8243; _module_preset=&#8220;default&#8220; text_text_color=&#8220;#4a00eb&#8220; text_font_size=&#8220;21px&#8220; link_option_url=&#8220;https:\/\/knorr.portalkit.de\/suche\/Verpacken.html?_showSolrDebugInfo=false&#038;showSuppliesFinderHint=true&#038;showIconCategories=true&#038;displayMode=LIST&#038;sortMode=RELEVANCY&#8220; global_colors_info=&#8220;{}&#8220;]<\/p>\n<ul>\n<li><span style=\"color: #000000;\">Verpacken,Beschriften,Versenden<\/span><span style=\"color: #000000;\"><\/span><span style=\"color: #000000;\"><\/span><\/li>\n<\/ul>\n<p><span style=\"color: #000000;\"><\/span><\/p>\n<p><span style=\"color: #000000;\">und vieles mehr&#8230;<\/span><\/p>\n<p>[\/et_pb_text][\/et_pb_column][\/et_pb_row][\/et_pb_section][et_pb_section fb_built=&#8220;1&#8243; admin_label=&#8220;Team handy&#8220; _builder_version=&#8220;4.25.1&#8243; custom_margin=&#8220;|||&#8220; custom_padding=&#8220;54px|0px|100px|0px&#8220; hover_enabled=&#8220;0&#8243; global_colors_info=&#8220;{}&#8220; collapsed=&#8220;off&#8220; sticky_enabled=&#8220;0&#8243; disabled_on=&#8220;off|on|on&#8220;][et_pb_row _builder_version=&#8220;4.25.1&#8243; background_color=&#8220;#ffffff&#8220; background_size=&#8220;initial&#8220; background_position=&#8220;top_left&#8220; background_repeat=&#8220;repeat&#8220; custom_margin=&#8220;-10%|||&#8220; custom_padding=&#8220;60px|0px|60px|0px&#8220; animation_style=&#8220;slide&#8220; animation_direction=&#8220;bottom&#8220; animation_intensity_slide=&#8220;6%&#8220; animation_starting_opacity=&#8220;100%&#8220; hover_enabled=&#8220;0&#8243; border_radii=&#8220;on|15px|15px|15px|15px&#8220; border_color_all=&#8220;#3c39e6&#8243; border_width_top=&#8220;18px&#8220; box_shadow_style=&#8220;preset3&#8243; box_shadow_vertical=&#8220;39px&#8220; box_shadow_blur=&#8220;80px&#8220; box_shadow_color=&#8220;rgba(0,0,0,0.1)&#8220; custom_width_px=&#8220;1280px&#8220; global_colors_info=&#8220;{}&#8220; vertical_offset=&#8220;-63px&#8220; sticky_enabled=&#8220;0&#8243; width=&#8220;85%&#8220;][et_pb_column type=&#8220;4_4&#8243; _builder_version=&#8220;4.16&#8243; custom_padding=&#8220;30px|40px|30px|40px&#8220; global_colors_info=&#8220;{}&#8220; custom_padding__hover=&#8220;|||&#8220;][et_pb_text _builder_version=&#8220;4.25.1&#8243; _module_preset=&#8220;default&#8220; text_text_color=&#8220;#4a00eb&#8220; text_font_size=&#8220;21px&#8220; link_option_url=&#8220;https:\/\/knorr.portalkit.de\/suche\/Kopierpapier.html?_showSolrDebugInfo=false&#038;showSuppliesFinderHint=true&#038;showIconCategories=true&#038;displayMode=LIST&#038;sortMode=RELEVANCY&#8220; global_colors_info=&#8220;{}&#8220;]<\/p>\n<ul>\n<li><span style=\"color: #000000;\">Kopierpapier<\/span><\/li>\n<\/ul>\n<p>[\/et_pb_text][et_pb_text _builder_version=&#8220;4.25.1&#8243; _module_preset=&#8220;default&#8220; text_text_color=&#8220;#4a00eb&#8220; text_font_size=&#8220;21px&#8220; link_option_url=&#8220;https:\/\/knorr.portalkit.de\/suche\/Tinte.html?_showSolrDebugInfo=false&#038;showSuppliesFinderHint=true&#038;showIconCategories=true&#038;displayMode=LIST&#038;sortMode=RELEVANCY&#8220; global_colors_info=&#8220;{}&#8220;]<\/p>\n<ul>\n<li><span style=\"color: #000000;\">Tinte &amp; Toner<\/span><\/li>\n<\/ul>\n<p>[\/et_pb_text][et_pb_text _builder_version=&#8220;4.25.1&#8243; _module_preset=&#8220;default&#8220; text_text_color=&#8220;#4a00eb&#8220; text_font_size=&#8220;21px&#8220; link_option_url=&#8220;https:\/\/knorr.portalkit.de\/suche\/Reinigung.html?_showSolrDebugInfo=false&#038;showSuppliesFinderHint=true&#038;showIconCategories=true&#038;displayMode=LIST&#038;sortMode=RELEVANCY&#8220; global_colors_info=&#8220;{}&#8220;]<\/p>\n<ul>\n<li><span style=\"color: #000000;\">Reinigungartikel, Desinfektionsmittel<\/span><\/li>\n<\/ul>\n<p>[\/et_pb_text][et_pb_text _builder_version=&#8220;4.25.1&#8243; _module_preset=&#8220;default&#8220; text_text_color=&#8220;#4a00eb&#8220; text_font_size=&#8220;21px&#8220; link_option_url=&#8220;https:\/\/knorr.portalkit.de\/suche\/Kalender.html?_showSolrDebugInfo=false&#038;showSuppliesFinderHint=true&#038;showIconCategories=true&#038;displayMode=LIST&#038;sortMode=RELEVANCY&#8220; global_colors_info=&#8220;{}&#8220;]<\/p>\n<ul>\n<li><span style=\"color: #000000;\">Kalender<\/span><\/li>\n<\/ul>\n<p>[\/et_pb_text][et_pb_text _builder_version=&#8220;4.25.1&#8243; _module_preset=&#8220;default&#8220; text_text_color=&#8220;#4a00eb&#8220; text_font_size=&#8220;21px&#8220; link_option_url=&#8220;https:\/\/knorr.portalkit.de\/suche\/Schreibbl(b6)cke.html?_showSolrDebugInfo=false&#038;showSuppliesFinderHint=true&#038;showIconCategories=true&#038;displayMode=LIST&#038;sortMode=RELEVANCY&#8220; global_colors_info=&#8220;{}&#8220;]<\/p>\n<ul>\n<li><span style=\"color: #000000;\">Schreibbl\u00f6cke, Stifte, Schulbedarf, Buchumschl\u00e4ge<\/span><\/li>\n<\/ul>\n<p>[\/et_pb_text][et_pb_text _builder_version=&#8220;4.25.1&#8243; _module_preset=&#8220;default&#8220; text_text_color=&#8220;#4a00eb&#8220; text_font_size=&#8220;21px&#8220; link_option_url=&#8220;https:\/\/knorr.portalkit.de\/suche\/Lampen.html?_showSolrDebugInfo=false&#038;showSuppliesFinderHint=true&#038;showIconCategories=true&#038;displayMode=LIST&#038;sortMode=RELEVANCY&#8220; global_colors_info=&#8220;{}&#8220;]<\/p>\n<ul>\n<li><span style=\"color: #000000;\">wir bringen auch Licht an Ihren Arbeitsplatz<\/span><\/li>\n<\/ul>\n<p>[\/et_pb_text][et_pb_text _builder_version=&#8220;4.25.1&#8243; _module_preset=&#8220;default&#8220; text_text_color=&#8220;#4a00eb&#8220; text_font_size=&#8220;21px&#8220; link_option_url=&#8220;https:\/\/knorr.portalkit.de\/suche\/Ordnen%20Sortieren.html?_showSolrDebugInfo=false&#038;showSuppliesFinderHint=true&#038;showIconCategories=true&#038;displayMode=LIST&#038;sortMode=RELEVANCY&#8220; global_colors_info=&#8220;{}&#8220;]<\/p>\n<ul>\n<li><span style=\"color: #000000;\">Ordnen, Sotieren, Organisieren<\/span><\/li>\n<\/ul>\n<p>[\/et_pb_text][et_pb_text _builder_version=&#8220;4.25.1&#8243; _module_preset=&#8220;default&#8220; text_text_color=&#8220;#4a00eb&#8220; text_font_size=&#8220;21px&#8220; link_option_url=&#8220;https:\/\/knorr.portalkit.de\/suche\/Korrigiren.html?_showSolrDebugInfo=false&#038;showSuppliesFinderHint=true&#038;showIconCategories=true&#038;displayMode=LIST&#038;sortMode=RELEVANCY&#8220; global_colors_info=&#8220;{}&#8220;]<\/p>\n<ul>\n<li><span style=\"color: #000000;\">Korrigieren, Laminieren, Binden<\/span><\/li>\n<\/ul>\n<p>[\/et_pb_text][et_pb_text _builder_version=&#8220;4.25.1&#8243; _module_preset=&#8220;default&#8220; text_text_color=&#8220;#4a00eb&#8220; text_font_size=&#8220;21px&#8220; link_option_url=&#8220;https:\/\/knorr.portalkit.de\/suche\/Verpacken.html?_showSolrDebugInfo=false&#038;showSuppliesFinderHint=true&#038;showIconCategories=true&#038;displayMode=LIST&#038;sortMode=RELEVANCY&#8220; hover_enabled=&#8220;0&#8243; global_colors_info=&#8220;{}&#8220; sticky_enabled=&#8220;0&#8243;]<\/p>\n<ul>\n<li><span style=\"color: #000000;\">Verpacken,Beschriften,Versenden<\/span><span style=\"color: #000000;\"><\/span><span style=\"color: #000000;\"><\/span><\/li>\n<\/ul>\n<p><span style=\"color: #000000;\"><\/span><\/p>\n<p><span style=\"color: #000000;\">und vieles mehr&#8230;<\/span><\/p>\n<p>[\/et_pb_text][et_pb_text _builder_version=&#8220;4.25.1&#8243; _module_preset=&#8220;default&#8220; global_colors_info=&#8220;{}&#8220;][\/et_pb_text][et_pb_text _builder_version=&#8220;4.25.1&#8243; _module_preset=&#8220;default&#8220; text_font=&#8220;Akshar||on||||||&#8220; text_font_size=&#8220;16px&#8220; hover_enabled=&#8220;0&#8243; global_colors_info=&#8220;{}&#8220; sticky_enabled=&#8220;0&#8243;]<\/p>\n<p><strong>\u00bb F\u00fcr Anfragen und Beratungen \u00a0\u00a0 Tel. 03423 603479 \/ wesser@kopiemaus.de<\/strong><\/p>\n<p>[\/et_pb_text][\/et_pb_column][\/et_pb_row][\/et_pb_section]<\/p>\n","protected":false},"excerpt":{"rendered":"<p>B\u00fcromaterialien &nbsp;B\u00fcro-materialien &nbsp; Kopierpapier Tinte &amp; Toner Reinigungartikel, Desinfektionsmittel Kalender Schreibbl\u00f6cke, Stifte, Schulbedarf, Buchumschl\u00e4ge \u00bb F\u00fcr Anfragen und Beratungen \u00a0\u00a0 Tel. 03423 603479 \/ wesser@kopiemaus.de wir bringen auch Licht an Ihren Arbeitsplatz Ordnen, Sotieren, Organisieren Korrigieren, Laminieren, Binden Verpacken,Beschriften,Versenden und vieles mehr&#8230; Kopierpapier Tinte &amp; Toner Reinigungartikel, Desinfektionsmittel Kalender Schreibbl\u00f6cke, Stifte, Schulbedarf, Buchumschl\u00e4ge wir bringen [&hellip;]<\/p>\n","protected":false},"author":1,"featured_media":0,"parent":0,"menu_order":0,"comment_status":"closed","ping_status":"closed","template":"","meta":{"_et_pb_use_builder":"on","_et_pb_old_content":"<div>\n<table style=\"border-collapse: collapse;\" border=\"0\"><colgroup> <col style=\"width: 359px;\" \/> <col style=\"width: 142px;\" \/><\/colgroup>\n<tbody valign=\"top\">\n<tr>\n<td style=\"padding-right: 7px; padding-left: 7px;\" rowspan=\"3\">\n<ul>\n \t<li><span style=\"font-size: 12pt;\"><a href=\"https:\/\/www.canon.de\/business-printers-and-faxes\/office-printers\/\">Multifunktionsger\u00e4te s\/w und color bis A3<\/a>\n<\/span><\/li>\n \t<li><a href=\"http:\/\/www.canon.de\/For_Work\/Products\/large_format_printers\/products\/CAD_GIS\/index.aspx\"><span style=\"font-size: 12pt;\">Gro\u00dfformatdrucker bis A0<\/span><\/a><span style=\"font-size: 12pt;\">\n<\/span><\/li>\n \t<li><a href=\"http:\/\/www.canon.de\/For_Work\/Products\/large_format_printers\/products\/CAD_GIS\/index.aspx\"><span style=\"font-size: 12pt;\">Scanner bis A0<\/span><\/a><span style=\"font-size: 12pt;\">\n<\/span><\/li>\n \t<li><a href=\"http:\/\/www.canon.de\/For_Work\/Products\/Document_Imaging_Systems\/High_Speed_Document_Scanners\/\"><span style=\"font-size: 12pt;\">Dokumentenscanner<\/span><\/a><span style=\"font-size: 12pt;\">\n<\/span><\/li>\n \t<li><span style=\"font-size: 12pt;\">Faltger\u00e4te bis A0\n<\/span><\/li>\n \t<li><a href=\"https:\/\/www.canon.de\/for_work\/business-products\/office-printers\/fax\/\"><span style=\"font-size: 12pt;\">Faxger\u00e4te<\/span><\/a><span style=\"font-size: 12pt;\">\n<\/span><\/li>\n \t<li><a href=\"http:\/\/knorr.portalkit.de\/suche\/*:*\/kategorie\/a30450e0-3fd1-11e2-b637-001c42000009\/kategorie\/a30450e0-3fd1-11e2-b637-001c42000009.html\"><span style=\"font-size: 12pt;\">Verbrauchsmaterial<\/span><\/a><span style=\"font-size: 12pt;\">\n<\/span><\/li>\n \t<li><span style=\"font-size: 12pt;\">Notebooks\n<\/span><\/li>\n \t<li><span style=\"font-size: 12pt;\">PC\n<\/span><\/li>\n \t<li><a href=\"http:\/\/knorr.portalkit.de\/suche\/*:*\/kategorie\/a30450e0-3fd1-11e2-b637-001c42000009\/kategorie\/a30450e0-3fd1-11e2-b637-001c42000009.html\"><span style=\"font-size: 12pt;\">Zubeh\u00f6r<\/span><\/a><span style=\"font-size: 12pt;\">\n<\/span><\/li>\n \t<li><a href=\"http:\/\/www.ideal.de\/de-de\/produkte\/aktenvernichter\/\"><span style=\"font-size: 12pt;\">Aktenvernichter<\/span><\/a><span style=\"font-size: 12pt;\">\n<\/span><\/li>\n \t<li><a href=\"http:\/\/www.multidata-kassen.de\/home.php\"><span style=\"font-size: 12pt;\">Kassensysteme<\/span><\/a><span style=\"font-size: 12pt;\">\n<\/span><\/li>\n<\/ul>\n<\/td>\n<td style=\"padding-right: 7px; padding-left: 7px;\"><img src=\"http:\/\/www.kopiemaus.de\/htm\/wp-content\/uploads\/2017\/01\/010217_1608_Brotechnik1.jpg\" alt=\"\" \/><\/td>\n<\/tr>\n<tr>\n<td style=\"padding-right: 7px; padding-left: 7px;\"><img src=\"http:\/\/www.kopiemaus.de\/htm\/wp-content\/uploads\/2017\/01\/010217_1608_Brotechnik2.jpg\" alt=\"\" \/><\/td>\n<\/tr>\n<tr>\n<td style=\"padding-right: 7px; padding-left: 7px;\"><img src=\"http:\/\/www.kopiemaus.de\/htm\/wp-content\/uploads\/2017\/01\/010217_1608_Brotechnik3.jpg\" alt=\"\" \/><\/td>\n<\/tr>\n<\/tbody>\n<\/table>\n<\/div>\n<p style=\"margin-left: 36pt;\"><\/p>","_et_gb_content_width":"","footnotes":""},"class_list":["post-430","page","type-page","status-publish","hentry"],"_links":{"self":[{"href":"https:\/\/kopiemaus.de\/htm\/wp-json\/wp\/v2\/pages\/430","targetHints":{"allow":["GET"]}}],"collection":[{"href":"https:\/\/kopiemaus.de\/htm\/wp-json\/wp\/v2\/pages"}],"about":[{"href":"https:\/\/kopiemaus.de\/htm\/wp-json\/wp\/v2\/types\/page"}],"author":[{"embeddable":true,"href":"https:\/\/kopiemaus.de\/htm\/wp-json\/wp\/v2\/users\/1"}],"replies":[{"embeddable":true,"href":"https:\/\/kopiemaus.de\/htm\/wp-json\/wp\/v2\/comments?post=430"}],"version-history":[{"count":22,"href":"https:\/\/kopiemaus.de\/htm\/wp-json\/wp\/v2\/pages\/430\/revisions"}],"predecessor-version":[{"id":1777,"href":"https:\/\/kopiemaus.de\/htm\/wp-json\/wp\/v2\/pages\/430\/revisions\/1777"}],"wp:attachment":[{"href":"https:\/\/kopiemaus.de\/htm\/wp-json\/wp\/v2\/media?parent=430"}],"curies":[{"name":"wp","href":"https:\/\/api.w.org\/{rel}","templated":true}]}}