{"id":398,"date":"2017-01-04T12:06:01","date_gmt":"2017-01-04T11:06:01","guid":{"rendered":"http:\/\/www.kopiemaus.de\/htm\/?page_id=398"},"modified":"2025-08-07T09:28:07","modified_gmt":"2025-08-07T07:28:07","slug":"imperessum","status":"publish","type":"page","link":"https:\/\/kopiemaus.de\/htm\/imperessum\/","title":{"rendered":"Impressum"},"content":{"rendered":"<p>[et_pb_section fb_built=&#8220;1&#8243; admin_label=&#8220;Hero section desktop&#8220; _builder_version=&#8220;4.25.1&#8243; use_background_color_gradient=&#8220;on&#8220; background_color_gradient_stops=&#8220;rgba(150,105,97,0.67) 0%|rgba(2,0,76,0.84) 100%&#8220; background_color_gradient_overlays_image=&#8220;on&#8220; background_color_gradient_start=&#8220;rgba(150,105,97,0.67)&#8220; background_color_gradient_end=&#8220;rgba(2,0,76,0.84)&#8220; background_image=&#8220;https:\/\/kopiemaus.de\/htm\/wp-content\/uploads\/2024\/05\/bild-Firma2-2.jpg&#8220; custom_margin=&#8220;|||&#8220; custom_padding=&#8220;10%||14%|&#8220; hover_enabled=&#8220;0&#8243; global_colors_info=&#8220;{}&#8220; collapsed=&#8220;on&#8220; sticky_enabled=&#8220;0&#8243; disabled_on=&#8220;on|on|off&#8220; locked=&#8220;on&#8220;][et_pb_row column_structure=&#8220;2_3,1_3&#8243; _builder_version=&#8220;4.16&#8243; custom_margin=&#8220;|||&#8220; global_colors_info=&#8220;{}&#8220;][et_pb_column type=&#8220;2_3&#8243; _builder_version=&#8220;4.16&#8243; custom_padding=&#8220;1px|||&#8220; global_colors_info=&#8220;{}&#8220; custom_padding__hover=&#8220;|||&#8220;][et_pb_text _builder_version=&#8220;4.16&#8243; text_font=&#8220;Lato||||||||&#8220; text_font_size=&#8220;20px&#8220; text_line_height=&#8220;1.8em&#8220; header_font=&#8220;Lato|900|||||||&#8220; header_font_size=&#8220;80px&#8220; header_letter_spacing=&#8220;2px&#8220; header_line_height=&#8220;1.2em&#8220; background_layout=&#8220;dark&#8220; animation_style=&#8220;fold&#8220; header_font_size_tablet=&#8220;46px&#8220; header_font_size_phone=&#8220;&#8220; header_font_size_last_edited=&#8220;on|tablet&#8220; global_colors_info=&#8220;{}&#8220;]<\/p>\n<h1>Impressum<\/h1>\n<p>&nbsp;<\/p>\n<p>[\/et_pb_text][\/et_pb_column][et_pb_column type=&#8220;1_3&#8243; _builder_version=&#8220;4.16&#8243; custom_padding=&#8220;|||&#8220; global_colors_info=&#8220;{}&#8220; custom_padding__hover=&#8220;|||&#8220;][\/et_pb_column][\/et_pb_row][\/et_pb_section][et_pb_section fb_built=&#8220;1&#8243; admin_label=&#8220;Hero section handy&#8220; _builder_version=&#8220;4.25.1&#8243; use_background_color_gradient=&#8220;on&#8220; background_color_gradient_stops=&#8220;rgba(150,105,97,0.67) 0%|rgba(2,0,76,0.84) 100%&#8220; background_color_gradient_overlays_image=&#8220;on&#8220; background_color_gradient_start=&#8220;rgba(150,105,97,0.67)&#8220; background_color_gradient_end=&#8220;rgba(2,0,76,0.84)&#8220; background_image=&#8220;https:\/\/kopiemaus.de\/htm\/wp-content\/uploads\/2024\/05\/bild-Firma2-2.jpg&#8220; custom_margin=&#8220;|||&#8220; custom_padding=&#8220;10%||14%|&#8220; hover_enabled=&#8220;0&#8243; global_colors_info=&#8220;{}&#8220; collapsed=&#8220;on&#8220; sticky_enabled=&#8220;0&#8243; disabled_on=&#8220;off|on|on&#8220;][et_pb_row column_structure=&#8220;2_3,1_3&#8243; _builder_version=&#8220;4.16&#8243; custom_margin=&#8220;|||&#8220; global_colors_info=&#8220;{}&#8220;][et_pb_column type=&#8220;2_3&#8243; _builder_version=&#8220;4.16&#8243; custom_padding=&#8220;1px|||&#8220; global_colors_info=&#8220;{}&#8220; custom_padding__hover=&#8220;|||&#8220;][et_pb_text _builder_version=&#8220;4.16&#8243; text_font=&#8220;Lato||||||||&#8220; text_font_size=&#8220;20px&#8220; text_line_height=&#8220;1.8em&#8220; header_font=&#8220;Lato|900|||||||&#8220; header_font_size=&#8220;80px&#8220; header_letter_spacing=&#8220;2px&#8220; header_line_height=&#8220;1.2em&#8220; background_layout=&#8220;dark&#8220; animation_style=&#8220;fold&#8220; header_font_size_tablet=&#8220;46px&#8220; header_font_size_phone=&#8220;&#8220; header_font_size_last_edited=&#8220;on|tablet&#8220; global_colors_info=&#8220;{}&#8220;]<\/p>\n<h1>Impressum<\/h1>\n<p>&nbsp;<\/p>\n<p>[\/et_pb_text][\/et_pb_column][et_pb_column type=&#8220;1_3&#8243; _builder_version=&#8220;4.16&#8243; custom_padding=&#8220;|||&#8220; global_colors_info=&#8220;{}&#8220; custom_padding__hover=&#8220;|||&#8220;][\/et_pb_column][\/et_pb_row][\/et_pb_section][et_pb_section fb_built=&#8220;1&#8243; admin_label=&#8220;Team desktop&#8220; _builder_version=&#8220;4.25.1&#8243; custom_margin=&#8220;|||&#8220; custom_padding=&#8220;54px|0px|100px|0px&#8220; hover_enabled=&#8220;0&#8243; global_colors_info=&#8220;{}&#8220; collapsed=&#8220;on&#8220; sticky_enabled=&#8220;0&#8243; disabled_on=&#8220;on|on|off&#8220; locked=&#8220;on&#8220;][et_pb_row _builder_version=&#8220;4.16&#8243; background_color=&#8220;#ffffff&#8220; background_size=&#8220;initial&#8220; background_position=&#8220;top_left&#8220; background_repeat=&#8220;repeat&#8220; custom_margin=&#8220;-10%|||&#8220; custom_padding=&#8220;60px|0px|60px|0px&#8220; animation_style=&#8220;slide&#8220; animation_direction=&#8220;bottom&#8220; animation_intensity_slide=&#8220;6%&#8220; animation_starting_opacity=&#8220;100%&#8220; border_radii=&#8220;on|15px|15px|15px|15px&#8220; border_color_all=&#8220;#3c39e6&#8243; border_width_top=&#8220;18px&#8220; box_shadow_style=&#8220;preset3&#8243; box_shadow_vertical=&#8220;39px&#8220; box_shadow_blur=&#8220;80px&#8220; box_shadow_color=&#8220;rgba(0,0,0,0.1)&#8220; custom_width_px=&#8220;1280px&#8220; global_colors_info=&#8220;{}&#8220;][et_pb_column type=&#8220;4_4&#8243; _builder_version=&#8220;4.16&#8243; custom_padding=&#8220;30px|40px|30px|40px&#8220; global_colors_info=&#8220;{}&#8220; custom_padding__hover=&#8220;|||&#8220;][et_pb_text _builder_version=&#8220;4.25.1&#8243; _module_preset=&#8220;default&#8220; global_colors_info=&#8220;{}&#8220;]<\/p>\n<div id=\"left-area\">\n<article id=\"post-398\" class=\"post-398 page type-page status-publish hentry\">\n<div class=\"entry-content\">\n<p><strong>Betreiber der Webseite<\/strong><\/p>\n<p><strong>Anschrift<\/strong><\/p>\n<p>KNORR &amp; PARTNER B\u00fcro- und Kopiersysteme GmbH<\/p>\n<p>R\u00f6dgener Str. 28a<\/p>\n<p>04838 Eilenburg<\/p>\n<p>Steuer-Nr.: 237\/112\/00169<\/p>\n<p>UST-Nr.: DE 14 17 35 560<\/p>\n<p>Sitz der Gesellschaft: Eilenburg<\/p>\n<p>Registergericht: Amtsgericht Leipzig HRB 4558<\/p>\n<p>Gesch\u00e4ftsf\u00fchrer: Elke Knorr<\/p>\n<p>IBAN: DE 70 100 100 100 84 90 85 106<\/p>\n<p>BIC: PBNKDEFF<\/p>\n<p>Kontakt:<\/p>\n<p>Tel.: +49 3423 603479<\/p>\n<p>Fax: +49 3423 600238<\/p>\n<p>info@kopiemaus.de<\/p>\n<p>Allgemeine inhaltliche Verantwortung<\/p>\n<p>Inhaltlich Verantwortlich gem\u00e4\u00df \u00a76 MDStV: Elke Knorr F\u00fcr Beitr\u00e4ge von namentlich genannten Benutzern in Beitr\u00e4gen, Kommentaren und Forumsbeitr\u00e4gen sind die genannten Benutzer f\u00fcr den Inhalt verantwortlich. Haftungshinweis: Trotz sorgf\u00e4ltiger inhaltlicher Kontrolle \u00fcbernehmen wir keine Haftung f\u00fcr die Inhalte externer Links. F\u00fcr den Inhalt der verlinkten Seiten sind ausschlie\u00dflich deren Betreiber verantwortlich.<\/p>\n<\/div>\n<\/article>\n<\/div>\n<p>[\/et_pb_text][\/et_pb_column][\/et_pb_row][\/et_pb_section][et_pb_section fb_built=&#8220;1&#8243; admin_label=&#8220;Team handy&#8220; _builder_version=&#8220;4.25.1&#8243; custom_margin=&#8220;|||&#8220; custom_padding=&#8220;54px|0px|100px|0px&#8220; hover_enabled=&#8220;0&#8243; global_colors_info=&#8220;{}&#8220; collapsed=&#8220;off&#8220; sticky_enabled=&#8220;0&#8243; disabled_on=&#8220;off|on|on&#8220;][et_pb_row _builder_version=&#8220;4.16&#8243; background_color=&#8220;#ffffff&#8220; background_size=&#8220;initial&#8220; background_position=&#8220;top_left&#8220; background_repeat=&#8220;repeat&#8220; custom_margin=&#8220;-10%|||&#8220; custom_padding=&#8220;60px|0px|60px|0px&#8220; animation_style=&#8220;slide&#8220; animation_direction=&#8220;bottom&#8220; animation_intensity_slide=&#8220;6%&#8220; animation_starting_opacity=&#8220;100%&#8220; border_radii=&#8220;on|15px|15px|15px|15px&#8220; border_color_all=&#8220;#3c39e6&#8243; border_width_top=&#8220;18px&#8220; box_shadow_style=&#8220;preset3&#8243; box_shadow_vertical=&#8220;39px&#8220; box_shadow_blur=&#8220;80px&#8220; box_shadow_color=&#8220;rgba(0,0,0,0.1)&#8220; custom_width_px=&#8220;1280px&#8220; global_colors_info=&#8220;{}&#8220; vertical_offset=&#8220;-66px&#8220;][et_pb_column type=&#8220;4_4&#8243; _builder_version=&#8220;4.16&#8243; custom_padding=&#8220;30px|40px|30px|40px&#8220; global_colors_info=&#8220;{}&#8220; custom_padding__hover=&#8220;|||&#8220;][et_pb_text _builder_version=&#8220;4.25.1&#8243; _module_preset=&#8220;default&#8220; global_colors_info=&#8220;{}&#8220;]<\/p>\n<div id=\"left-area\">\n<article id=\"post-398\" class=\"post-398 page type-page status-publish hentry\">\n<div class=\"entry-content\">\n<p><strong>Betreiber der Webseite<\/strong><\/p>\n<p><strong>Anschrift<\/strong><\/p>\n<p>KNORR &amp; PARTNER B\u00fcro- und Kopiersysteme GmbH<\/p>\n<p>R\u00f6dgener Str. 28a<\/p>\n<p>04838 Eilenburg<\/p>\n<p>Steuer-Nr.: 237\/112\/00169<\/p>\n<p>UST-Nr.: DE 14 17 35 560<\/p>\n<p>Sitz der Gesellschaft: Eilenburg<\/p>\n<p>Registergericht: Amtsgericht Leipzig HRB 4558<\/p>\n<p>Gesch\u00e4ftsf\u00fchrer: Elke Knorr<\/p>\n<p>IBAN: DE 70 100 100 100 84 90 85 106<\/p>\n<p>BIC: PBNKDEFF<\/p>\n<p>Kontakt:<\/p>\n<p>Tel.: +49 3423 603479<\/p>\n<p>Fax: +49 3423 600238<\/p>\n<p>info@kopiemaus.de<\/p>\n<p>Allgemeine inhaltliche Verantwortung<\/p>\n<p>Inhaltlich Verantwortlich gem\u00e4\u00df \u00a76 MDStV: Elke Knorr F\u00fcr Beitr\u00e4ge von namentlich genannten Benutzern in Beitr\u00e4gen, Kommentaren und Forumsbeitr\u00e4gen sind die genannten Benutzer f\u00fcr den Inhalt verantwortlich. Haftungshinweis: Trotz sorgf\u00e4ltiger inhaltlicher Kontrolle \u00fcbernehmen wir keine Haftung f\u00fcr die Inhalte externer Links. F\u00fcr den Inhalt der verlinkten Seiten sind ausschlie\u00dflich deren Betreiber verantwortlich.<\/p>\n<\/div>\n<\/article>\n<\/div>\n<p>[\/et_pb_text][\/et_pb_column][\/et_pb_row][\/et_pb_section]<\/p>\n","protected":false},"excerpt":{"rendered":"<p>Impressum &nbsp;Impressum &nbsp; Betreiber der Webseite Anschrift KNORR &amp; PARTNER B\u00fcro- und Kopiersysteme GmbH R\u00f6dgener Str. 28a 04838 Eilenburg Steuer-Nr.: 237\/112\/00169 UST-Nr.: DE 14 17 35 560 Sitz der Gesellschaft: Eilenburg Registergericht: Amtsgericht Leipzig HRB 4558 Gesch\u00e4ftsf\u00fchrer: Elke Knorr IBAN: DE 70 100 100 100 84 90 85 106 BIC: PBNKDEFF Kontakt: Tel.: +49 3423 [&hellip;]<\/p>\n","protected":false},"author":1,"featured_media":0,"parent":0,"menu_order":0,"comment_status":"closed","ping_status":"closed","template":"","meta":{"_et_pb_use_builder":"on","_et_pb_old_content":"<strong>Betreiber der Webseite<\/strong>\n\n<strong>Anschrift<\/strong>\n\nKNORR &amp; PARTNER B\u00fcro- und Kopiersysteme GmbH\n\nR\u00f6dgener Str. 28a\n\n04838 Eilenburg\n\nSteuer-Nr.: 237\/112\/00169\n\nUST-Nr.: DE 14 17 35 560\n\nSitz der Gesellschaft: Eilenburg\n\nRegistergericht: Amtsgericht Leipzig HRB 4558\n\nGesch\u00e4ftsf\u00fchrer: Elke Knorr\n\nIBAN: DE 70 100 100 100 84 90 85 106\n\nBIC: PBNKDEFF\n\nKontakt:\n\nTel.: +49 3423 603479\n\nFax: +49 3423 600238\n\ninfo@kopiemaus.de\n\nAllgemeine inhaltliche Verantwortung\n\nInhaltlich Verantwortlich gem\u00e4\u00df \u00a76 MDStV: Elke Knorr F\u00fcr Beitr\u00e4ge von namentlich genannten Benutzern in Beitr\u00e4gen, Kommentaren und Forumsbeitr\u00e4gen sind die genannten Benutzer f\u00fcr den Inhalt verantwortlich. Haftungshinweis: Trotz sorgf\u00e4ltiger inhaltlicher Kontrolle \u00fcbernehmen wir keine Haftung f\u00fcr die Inhalte externer Links. F\u00fcr den Inhalt der verlinkten Seiten sind ausschlie\u00dflich deren Betreiber verantwortlich.","_et_gb_content_width":"","footnotes":""},"class_list":["post-398","page","type-page","status-publish","hentry"],"_links":{"self":[{"href":"https:\/\/kopiemaus.de\/htm\/wp-json\/wp\/v2\/pages\/398","targetHints":{"allow":["GET"]}}],"collection":[{"href":"https:\/\/kopiemaus.de\/htm\/wp-json\/wp\/v2\/pages"}],"about":[{"href":"https:\/\/kopiemaus.de\/htm\/wp-json\/wp\/v2\/types\/page"}],"author":[{"embeddable":true,"href":"https:\/\/kopiemaus.de\/htm\/wp-json\/wp\/v2\/users\/1"}],"replies":[{"embeddable":true,"href":"https:\/\/kopiemaus.de\/htm\/wp-json\/wp\/v2\/comments?post=398"}],"version-history":[{"count":10,"href":"https:\/\/kopiemaus.de\/htm\/wp-json\/wp\/v2\/pages\/398\/revisions"}],"predecessor-version":[{"id":1691,"href":"https:\/\/kopiemaus.de\/htm\/wp-json\/wp\/v2\/pages\/398\/revisions\/1691"}],"wp:attachment":[{"href":"https:\/\/kopiemaus.de\/htm\/wp-json\/wp\/v2\/media?parent=398"}],"curies":[{"name":"wp","href":"https:\/\/api.w.org\/{rel}","templated":true}]}}